{"id":1278,"date":"2020-04-14T13:04:00","date_gmt":"2020-04-14T11:04:00","guid":{"rendered":"https:\/\/ultra-bellus.hr\/webdesign\/?page_id=1278"},"modified":"2024-09-13T14:54:28","modified_gmt":"2024-09-13T12:54:28","slug":"odricanje-od-odgovornosti","status":"publish","type":"page","link":"https:\/\/ultra-bellus.hr\/webdesign\/odricanje-od-odgovornosti\/","title":{"rendered":"Odricanje od odgovornosti"},"content":{"rendered":"\t\t<div data-elementor-type=\"wp-page\" data-elementor-id=\"1278\" class=\"elementor elementor-1278\">\n\t\t\t\t\t\t<section class=\"has_eae_slider elementor-section elementor-top-section elementor-element elementor-element-cdf5b60 elementor-section-full_width elementor-section-height-default elementor-section-height-default\" data-eae-slider=\"9104\" data-id=\"cdf5b60\" data-element_type=\"section\" data-e-type=\"section\">\n\t\t\t\t\t\t<div class=\"elementor-container elementor-column-gap-default\">\n\t\t\t\t\t<div class=\"has_eae_slider elementor-column elementor-col-100 elementor-top-column elementor-element elementor-element-928454c\" data-eae-slider=\"2784\" data-id=\"928454c\" data-element_type=\"column\" data-e-type=\"column\">\n\t\t\t<div class=\"elementor-widget-wrap elementor-element-populated\">\n\t\t\t\t\t\t<div class=\"elementor-element elementor-element-3767f55 elementor-widget elementor-widget-heading\" data-id=\"3767f55\" data-element_type=\"widget\" data-e-type=\"widget\" data-widget_type=\"heading.default\">\n\t\t\t\t<div class=\"elementor-widget-container\">\n\t\t\t\t\t<h2 class=\"elementor-heading-title elementor-size-default\"><a href=\"https:\/\/european-union.europa.eu\/legal-notice_hr\">Odricanje od odgovornosti<\/a><\/h2>\t\t\t\t<\/div>\n\t\t\t\t<\/div>\n\t\t\t\t\t<\/div>\n\t\t<\/div>\n\t\t\t\t\t<\/div>\n\t\t<\/section>\n\t\t\t\t<section class=\"has_eae_slider elementor-section elementor-top-section elementor-element elementor-element-775f4a39 elementor-section-boxed elementor-section-height-default elementor-section-height-default\" data-eae-slider=\"43747\" data-id=\"775f4a39\" data-element_type=\"section\" data-e-type=\"section\">\n\t\t\t\t\t\t<div class=\"elementor-container elementor-column-gap-default\">\n\t\t\t\t\t<div class=\"has_eae_slider elementor-column elementor-col-100 elementor-top-column elementor-element elementor-element-3f61d3e6\" data-eae-slider=\"59518\" data-id=\"3f61d3e6\" data-element_type=\"column\" data-e-type=\"column\">\n\t\t\t<div class=\"elementor-widget-wrap elementor-element-populated\">\n\t\t\t\t\t\t<div class=\"elementor-element elementor-element-1b9c395a elementor-widget elementor-widget-text-editor\" data-id=\"1b9c395a\" data-element_type=\"widget\" data-e-type=\"widget\" data-widget_type=\"text-editor.default\">\n\t\t\t\t<div class=\"elementor-widget-container\">\n\t\t\t\t\t\t\t\t\t<p><\/p>\n<p>Naru\u010ditelj je, kao jedini vlasnik, odgovoran za sadr\u017eaj isporu\u010dene web stranice. Odricanje od odgovornosti govori o<\/p>\n<p><\/p>\n<p>Izvo\u0111a\u010d ne snosi odgovornost za \u0161tetu ili gubitak koji mogu nastati radi gubitka podataka ili prihoda, a vezani su uz uporabu web stranice i njezinog sadr\u017eaja.<\/p>\n<p><\/p>\n<p>Naru\u010ditelj je odgovoran za za\u0161titu web stranice od virusa i drugih malicioznih programa kojima je mogu\u0107e zaraziti web stranicu. Izvo\u0111a\u010d nije odgovoran za bilo kakvu \u0161tetu ili gubitak (uklju\u010duju\u0107i neograni\u010denu, indirektnu, posljedi\u010dnu \u0161tetu ili gubitak). Naru\u010ditelja ili tre\u0107ih strana, \u0161to uklju\u010duje ali nije ograni\u010deno na posjetitelje \/ korisnike web stranice, do koje mo\u017ee do\u0107i zbog prelaska malicioznih programa na ra\u010dunalo korisnika.<\/p>\n<p><\/p>\n<p>Izvo\u0111a\u010d ne snosi odgovornost za poslovnu i marketin\u0161ku uspje\u0161nost isporu\u010denog proizvoda. Navedeno je isklju\u010diva odgovornost Naru\u010ditelja. U tom pogledu Izvo\u0111a\u010d nema nikakvih obaveza prema Naru\u010ditelju. Izvo\u0111a\u010d tako\u0111er ne snosi odgovornost za bilo kakvu materijalnu i financijsku \u0161tetu. Ne snosi odgovornost za gubitak u slu\u010daju da Naru\u010ditelj pomo\u0107u isporu\u010denog proizvoda ne ispuni vlastite poslovne ciljeve. Isto vrijedi i za marketin\u0161ke ciljeve koji uklju\u010duju isporu\u010deni proizvod. Proizvod koji je predmet ovog Ugovora isporu\u010duje se prema specifikacijama Naru\u010ditelja. Kao takav to je gotov proizvod bez bilo kakvih prate\u0107ih stavki poput marketin\u0161kih ili poslovnih taktika \/ savjeta ili strategija. U tom smislu one imaju povezanost sa poslovnim i marketin\u0161kim planovima Naru\u010ditelja.<\/p>\n<p><\/p>\n<p>Naru\u010ditelj se u sklopu Odricanja odgovornosti sla\u017ee da izgled i dizajn elemenata mogu odstupati od skica ili vizija. Pona\u0161anje i raspored interaktivnih elemenata, kao i funkcionalnosti mogu \u00a0odstupati od Naru\u010diteljevih skica i\/ili vizija.<\/p>\n<p><\/p>\t\t\t\t\t\t\t\t<\/div>\n\t\t\t\t<\/div>\n\t\t\t\t\t<\/div>\n\t\t<\/div>\n\t\t\t\t\t<\/div>\n\t\t<\/section>\n\t\t\t\t<section class=\"has_eae_slider elementor-section elementor-top-section elementor-element elementor-element-f4741bc elementor-section-boxed elementor-section-height-default elementor-section-height-default\" data-eae-slider=\"15738\" data-id=\"f4741bc\" data-element_type=\"section\" data-e-type=\"section\">\n\t\t\t\t\t\t<div class=\"elementor-container elementor-column-gap-default\">\n\t\t\t\t\t<div class=\"has_eae_slider elementor-column elementor-col-50 elementor-top-column elementor-element elementor-element-0d858cd\" data-eae-slider=\"87152\" data-id=\"0d858cd\" data-element_type=\"column\" data-e-type=\"column\">\n\t\t\t<div class=\"elementor-widget-wrap elementor-element-populated\">\n\t\t\t\t\t\t<div class=\"elementor-element elementor-element-2be57b0 elementor-align-right elementor-widget elementor-widget-button\" data-id=\"2be57b0\" data-element_type=\"widget\" data-e-type=\"widget\" data-widget_type=\"button.default\">\n\t\t\t\t<div class=\"elementor-widget-container\">\n\t\t\t\t\t\t\t\t\t<div class=\"elementor-button-wrapper\">\n\t\t\t\t\t<a class=\"elementor-button elementor-button-link elementor-size-sm\" href=\"https:\/\/ultra-bellus.hr\/webdesign\/politika-privatnosti\/\">\n\t\t\t\t\t\t<span class=\"elementor-button-content-wrapper\">\n\t\t\t\t\t\t\t\t\t<span class=\"elementor-button-text\">Politika privatnosti<\/span>\n\t\t\t\t\t<\/span>\n\t\t\t\t\t<\/a>\n\t\t\t\t<\/div>\n\t\t\t\t\t\t\t\t<\/div>\n\t\t\t\t<\/div>\n\t\t\t\t\t<\/div>\n\t\t<\/div>\n\t\t\t\t<div class=\"has_eae_slider elementor-column elementor-col-50 elementor-top-column elementor-element elementor-element-02f0824\" data-eae-slider=\"35976\" data-id=\"02f0824\" data-element_type=\"column\" data-e-type=\"column\">\n\t\t\t<div class=\"elementor-widget-wrap elementor-element-populated\">\n\t\t\t\t\t\t<div class=\"elementor-element elementor-element-d8033e7 elementor-widget elementor-widget-button\" data-id=\"d8033e7\" data-element_type=\"widget\" data-e-type=\"widget\" data-widget_type=\"button.default\">\n\t\t\t\t<div class=\"elementor-widget-container\">\n\t\t\t\t\t\t\t\t\t<div class=\"elementor-button-wrapper\">\n\t\t\t\t\t<a class=\"elementor-button elementor-button-link elementor-size-sm\" href=\"https:\/\/ultra-bellus.hr\/webdesign\/uvjeti-koristenja\/\">\n\t\t\t\t\t\t<span class=\"elementor-button-content-wrapper\">\n\t\t\t\t\t\t\t\t\t<span class=\"elementor-button-text\">Uvjeti Kori\u0161tenja<\/span>\n\t\t\t\t\t<\/span>\n\t\t\t\t\t<\/a>\n\t\t\t\t<\/div>\n\t\t\t\t\t\t\t\t<\/div>\n\t\t\t\t<\/div>\n\t\t\t\t\t<\/div>\n\t\t<\/div>\n\t\t\t\t\t<\/div>\n\t\t<\/section>\n\t\t\t\t<\/div>\n\t\t","protected":false},"excerpt":{"rendered":"<p>Odricanje od odgovornosti Naru\u010ditelj je, kao jedini vlasnik, odgovoran za sadr\u017eaj isporu\u010dene web stranice. Odricanje od odgovornosti govori o Izvo\u0111a\u010d ne snosi odgovornost za \u0161tetu ili gubitak koji mogu nastati radi gubitka podataka ili prihoda, a vezani su uz uporabu web stranice i njezinog sadr\u017eaja. Naru\u010ditelj je odgovoran za za\u0161titu web stranice od virusa i [&hellip;]<\/p>\n","protected":false},"author":1,"featured_media":1744,"parent":0,"menu_order":0,"comment_status":"closed","ping_status":"closed","template":"","meta":{"footnotes":""},"class_list":["post-1278","page","type-page","status-publish","has-post-thumbnail","hentry"],"blocksy_meta":{"styles_descriptor":{"styles":{"desktop":"","tablet":"","mobile":""},"google_fonts":[],"version":6}},"yoast_head":"<!-- This site is optimized with the Yoast SEO plugin v27.1.1 - https:\/\/yoast.com\/product\/yoast-seo-wordpress\/ -->\n<title>Odricanje od odgovornosti - Ultra Bellus Agencija - 2026<\/title>\n<meta name=\"description\" content=\"Odricanje od odgovornosti - Dizajn i izrada web-stranica i logotipova - Ultra Bellus Agencija - 2026 - Povoljno | Profesionalno | A\u017eurno\" \/>\n<meta name=\"robots\" content=\"noindex, follow\" \/>\n<meta property=\"og:locale\" content=\"hr_HR\" \/>\n<meta property=\"og:type\" content=\"article\" \/>\n<meta property=\"og:title\" content=\"Odricanje od odgovornosti - Ultra Bellus Agencija - 2026\" \/>\n<meta property=\"og:description\" content=\"Odricanje od odgovornosti - Dizajn i izrada web-stranica i logotipova - Ultra Bellus Agencija - 2026 - Povoljno | Profesionalno | A\u017eurno\" \/>\n<meta property=\"og:url\" content=\"https:\/\/ultra-bellus.hr\/webdesign\/odricanje-od-odgovornosti\/\" \/>\n<meta property=\"og:site_name\" content=\"Ultra Bellus Agencija\" \/>\n<meta property=\"article:modified_time\" content=\"2024-09-13T12:54:28+00:00\" \/>\n<meta property=\"og:image\" content=\"https:\/\/ultra-bellus.hr\/webdesign\/wp-content\/uploads\/2021\/09\/ssl-scaled.webp\" \/>\n\t<meta property=\"og:image:width\" content=\"1920\" \/>\n\t<meta property=\"og:image:height\" content=\"1035\" \/>\n\t<meta property=\"og:image:type\" content=\"image\/webp\" \/>\n<meta name=\"twitter:card\" content=\"summary_large_image\" \/>\n<meta name=\"twitter:label1\" content=\"Procijenjeno vrijeme \u010ditanja\" \/>\n\t<meta name=\"twitter:data1\" content=\"1 minuta\" \/>\n<script type=\"application\/ld+json\" class=\"yoast-schema-graph\">{\"@context\":\"https:\/\/schema.org\",\"@graph\":[{\"@type\":\"WebPage\",\"@id\":\"https:\/\/ultra-bellus.hr\/webdesign\/odricanje-od-odgovornosti\/\",\"url\":\"https:\/\/ultra-bellus.hr\/webdesign\/odricanje-od-odgovornosti\/\",\"name\":\"Odricanje od odgovornosti - Ultra Bellus Agencija - 2026\",\"isPartOf\":{\"@id\":\"https:\/\/ultra-bellus.hr\/webdesign\/#website\"},\"primaryImageOfPage\":{\"@id\":\"https:\/\/ultra-bellus.hr\/webdesign\/odricanje-od-odgovornosti\/#primaryimage\"},\"image\":{\"@id\":\"https:\/\/ultra-bellus.hr\/webdesign\/odricanje-od-odgovornosti\/#primaryimage\"},\"thumbnailUrl\":\"https:\/\/ultra-bellus.hr\/webdesign\/wp-content\/uploads\/2021\/09\/ssl-scaled.webp\",\"datePublished\":\"2020-04-14T11:04:00+00:00\",\"dateModified\":\"2024-09-13T12:54:28+00:00\",\"description\":\"Odricanje od odgovornosti - Dizajn i izrada web-stranica i logotipova - Ultra Bellus Agencija - 2026 - Povoljno | Profesionalno | A\u017eurno\",\"breadcrumb\":{\"@id\":\"https:\/\/ultra-bellus.hr\/webdesign\/odricanje-od-odgovornosti\/#breadcrumb\"},\"inLanguage\":\"hr\",\"potentialAction\":[{\"@type\":\"ReadAction\",\"target\":[\"https:\/\/ultra-bellus.hr\/webdesign\/odricanje-od-odgovornosti\/\"]}]},{\"@type\":\"ImageObject\",\"inLanguage\":\"hr\",\"@id\":\"https:\/\/ultra-bellus.hr\/webdesign\/odricanje-od-odgovornosti\/#primaryimage\",\"url\":\"https:\/\/ultra-bellus.hr\/webdesign\/wp-content\/uploads\/2021\/09\/ssl-scaled.webp\",\"contentUrl\":\"https:\/\/ultra-bellus.hr\/webdesign\/wp-content\/uploads\/2021\/09\/ssl-scaled.webp\",\"width\":1920,\"height\":1035,\"caption\":\"ssl\"},{\"@type\":\"BreadcrumbList\",\"@id\":\"https:\/\/ultra-bellus.hr\/webdesign\/odricanje-od-odgovornosti\/#breadcrumb\",\"itemListElement\":[{\"@type\":\"ListItem\",\"position\":1,\"name\":\"Po\u010detna stranica\",\"item\":\"https:\/\/ultra-bellus.hr\/webdesign\/\"},{\"@type\":\"ListItem\",\"position\":2,\"name\":\"Odricanje od odgovornosti\"}]},{\"@type\":\"WebSite\",\"@id\":\"https:\/\/ultra-bellus.hr\/webdesign\/#website\",\"url\":\"https:\/\/ultra-bellus.hr\/webdesign\/\",\"name\":\"Ultra Bellus Agencija\",\"description\":\"Dizajn i izrada web-stranica i logotipova\",\"publisher\":{\"@id\":\"https:\/\/ultra-bellus.hr\/webdesign\/#organization\"},\"potentialAction\":[{\"@type\":\"SearchAction\",\"target\":{\"@type\":\"EntryPoint\",\"urlTemplate\":\"https:\/\/ultra-bellus.hr\/webdesign\/?s={search_term_string}\"},\"query-input\":{\"@type\":\"PropertyValueSpecification\",\"valueRequired\":true,\"valueName\":\"search_term_string\"}}],\"inLanguage\":\"hr\"},{\"@type\":\"Organization\",\"@id\":\"https:\/\/ultra-bellus.hr\/webdesign\/#organization\",\"name\":\"Ultra Bellus Agencija\",\"url\":\"https:\/\/ultra-bellus.hr\/webdesign\/\",\"logo\":{\"@type\":\"ImageObject\",\"inLanguage\":\"hr\",\"@id\":\"https:\/\/ultra-bellus.hr\/webdesign\/#\/schema\/logo\/image\/\",\"url\":\"https:\/\/ultra-bellus.hr\/webdesign\/wp-content\/uploads\/2022\/01\/LOGO.webp\",\"contentUrl\":\"https:\/\/ultra-bellus.hr\/webdesign\/wp-content\/uploads\/2022\/01\/LOGO.webp\",\"width\":1920,\"height\":1920,\"caption\":\"Ultra Bellus Agencija\"},\"image\":{\"@id\":\"https:\/\/ultra-bellus.hr\/webdesign\/#\/schema\/logo\/image\/\"}}]}<\/script>\n<!-- \/ Yoast SEO plugin. -->","yoast_head_json":{"title":"Odricanje od odgovornosti - Ultra Bellus Agencija - 2026","description":"Odricanje od odgovornosti - Dizajn i izrada web-stranica i logotipova - Ultra Bellus Agencija - 2026 - Povoljno | Profesionalno | A\u017eurno","robots":{"index":"noindex","follow":"follow"},"og_locale":"hr_HR","og_type":"article","og_title":"Odricanje od odgovornosti - Ultra Bellus Agencija - 2026","og_description":"Odricanje od odgovornosti - Dizajn i izrada web-stranica i logotipova - Ultra Bellus Agencija - 2026 - Povoljno | Profesionalno | A\u017eurno","og_url":"https:\/\/ultra-bellus.hr\/webdesign\/odricanje-od-odgovornosti\/","og_site_name":"Ultra Bellus Agencija","article_modified_time":"2024-09-13T12:54:28+00:00","og_image":[{"width":1920,"height":1035,"url":"https:\/\/ultra-bellus.hr\/webdesign\/wp-content\/uploads\/2021\/09\/ssl-scaled.webp","type":"image\/webp"}],"twitter_card":"summary_large_image","twitter_misc":{"Procijenjeno vrijeme \u010ditanja":"1 minuta"},"schema":{"@context":"https:\/\/schema.org","@graph":[{"@type":"WebPage","@id":"https:\/\/ultra-bellus.hr\/webdesign\/odricanje-od-odgovornosti\/","url":"https:\/\/ultra-bellus.hr\/webdesign\/odricanje-od-odgovornosti\/","name":"Odricanje od odgovornosti - Ultra Bellus Agencija - 2026","isPartOf":{"@id":"https:\/\/ultra-bellus.hr\/webdesign\/#website"},"primaryImageOfPage":{"@id":"https:\/\/ultra-bellus.hr\/webdesign\/odricanje-od-odgovornosti\/#primaryimage"},"image":{"@id":"https:\/\/ultra-bellus.hr\/webdesign\/odricanje-od-odgovornosti\/#primaryimage"},"thumbnailUrl":"https:\/\/ultra-bellus.hr\/webdesign\/wp-content\/uploads\/2021\/09\/ssl-scaled.webp","datePublished":"2020-04-14T11:04:00+00:00","dateModified":"2024-09-13T12:54:28+00:00","description":"Odricanje od odgovornosti - Dizajn i izrada web-stranica i logotipova - Ultra Bellus Agencija - 2026 - Povoljno | Profesionalno | A\u017eurno","breadcrumb":{"@id":"https:\/\/ultra-bellus.hr\/webdesign\/odricanje-od-odgovornosti\/#breadcrumb"},"inLanguage":"hr","potentialAction":[{"@type":"ReadAction","target":["https:\/\/ultra-bellus.hr\/webdesign\/odricanje-od-odgovornosti\/"]}]},{"@type":"ImageObject","inLanguage":"hr","@id":"https:\/\/ultra-bellus.hr\/webdesign\/odricanje-od-odgovornosti\/#primaryimage","url":"https:\/\/ultra-bellus.hr\/webdesign\/wp-content\/uploads\/2021\/09\/ssl-scaled.webp","contentUrl":"https:\/\/ultra-bellus.hr\/webdesign\/wp-content\/uploads\/2021\/09\/ssl-scaled.webp","width":1920,"height":1035,"caption":"ssl"},{"@type":"BreadcrumbList","@id":"https:\/\/ultra-bellus.hr\/webdesign\/odricanje-od-odgovornosti\/#breadcrumb","itemListElement":[{"@type":"ListItem","position":1,"name":"Po\u010detna stranica","item":"https:\/\/ultra-bellus.hr\/webdesign\/"},{"@type":"ListItem","position":2,"name":"Odricanje od odgovornosti"}]},{"@type":"WebSite","@id":"https:\/\/ultra-bellus.hr\/webdesign\/#website","url":"https:\/\/ultra-bellus.hr\/webdesign\/","name":"Ultra Bellus Agencija","description":"Dizajn i izrada web-stranica i logotipova","publisher":{"@id":"https:\/\/ultra-bellus.hr\/webdesign\/#organization"},"potentialAction":[{"@type":"SearchAction","target":{"@type":"EntryPoint","urlTemplate":"https:\/\/ultra-bellus.hr\/webdesign\/?s={search_term_string}"},"query-input":{"@type":"PropertyValueSpecification","valueRequired":true,"valueName":"search_term_string"}}],"inLanguage":"hr"},{"@type":"Organization","@id":"https:\/\/ultra-bellus.hr\/webdesign\/#organization","name":"Ultra Bellus Agencija","url":"https:\/\/ultra-bellus.hr\/webdesign\/","logo":{"@type":"ImageObject","inLanguage":"hr","@id":"https:\/\/ultra-bellus.hr\/webdesign\/#\/schema\/logo\/image\/","url":"https:\/\/ultra-bellus.hr\/webdesign\/wp-content\/uploads\/2022\/01\/LOGO.webp","contentUrl":"https:\/\/ultra-bellus.hr\/webdesign\/wp-content\/uploads\/2022\/01\/LOGO.webp","width":1920,"height":1920,"caption":"Ultra Bellus Agencija"},"image":{"@id":"https:\/\/ultra-bellus.hr\/webdesign\/#\/schema\/logo\/image\/"}}]}},"_hostinger_reach_plugin_has_subscription_block":false,"_hostinger_reach_plugin_is_elementor":false,"_links":{"self":[{"href":"https:\/\/ultra-bellus.hr\/webdesign\/wp-json\/wp\/v2\/pages\/1278","targetHints":{"allow":["GET"]}}],"collection":[{"href":"https:\/\/ultra-bellus.hr\/webdesign\/wp-json\/wp\/v2\/pages"}],"about":[{"href":"https:\/\/ultra-bellus.hr\/webdesign\/wp-json\/wp\/v2\/types\/page"}],"author":[{"embeddable":true,"href":"https:\/\/ultra-bellus.hr\/webdesign\/wp-json\/wp\/v2\/users\/1"}],"replies":[{"embeddable":true,"href":"https:\/\/ultra-bellus.hr\/webdesign\/wp-json\/wp\/v2\/comments?post=1278"}],"version-history":[{"count":8,"href":"https:\/\/ultra-bellus.hr\/webdesign\/wp-json\/wp\/v2\/pages\/1278\/revisions"}],"predecessor-version":[{"id":2286,"href":"https:\/\/ultra-bellus.hr\/webdesign\/wp-json\/wp\/v2\/pages\/1278\/revisions\/2286"}],"wp:featuredmedia":[{"embeddable":true,"href":"https:\/\/ultra-bellus.hr\/webdesign\/wp-json\/wp\/v2\/media\/1744"}],"wp:attachment":[{"href":"https:\/\/ultra-bellus.hr\/webdesign\/wp-json\/wp\/v2\/media?parent=1278"}],"curies":[{"name":"wp","href":"https:\/\/api.w.org\/{rel}","templated":true}]}}