{"id":930,"date":"2019-12-23T21:12:15","date_gmt":"2019-12-23T20:12:15","guid":{"rendered":"https:\/\/ultra-bellus.hr\/webdesign\/?page_id=930"},"modified":"2024-09-13T14:54:56","modified_gmt":"2024-09-13T12:54:56","slug":"politika-privatnosti","status":"publish","type":"page","link":"https:\/\/ultra-bellus.hr\/webdesign\/politika-privatnosti\/","title":{"rendered":"Politika Privatnosti"},"content":{"rendered":"\t\t<div data-elementor-type=\"wp-page\" data-elementor-id=\"930\" class=\"elementor elementor-930\">\n\t\t\t\t\t\t<section class=\"has_eae_slider elementor-section elementor-top-section elementor-element elementor-element-dc63dd4 elementor-section-full_width elementor-section-height-min-height elementor-section-height-default elementor-section-items-middle\" data-eae-slider=\"314\" data-id=\"dc63dd4\" data-element_type=\"section\" data-e-type=\"section\" data-settings=\"{&quot;background_background&quot;:&quot;classic&quot;}\">\n\t\t\t\t\t\t\t<div class=\"elementor-background-overlay\"><\/div>\n\t\t\t\t\t\t\t<div class=\"elementor-container elementor-column-gap-default\">\n\t\t\t\t\t<div class=\"has_eae_slider elementor-column elementor-col-100 elementor-top-column elementor-element elementor-element-f25b308\" data-eae-slider=\"22858\" data-id=\"f25b308\" data-element_type=\"column\" data-e-type=\"column\">\n\t\t\t<div class=\"elementor-widget-wrap elementor-element-populated\">\n\t\t\t\t\t\t<div class=\"elementor-element elementor-element-501d000 elementor-widget elementor-widget-heading\" data-id=\"501d000\" data-element_type=\"widget\" data-e-type=\"widget\" data-widget_type=\"heading.default\">\n\t\t\t\t<div class=\"elementor-widget-container\">\n\t\t\t\t\t<h2 class=\"elementor-heading-title elementor-size-default\"><a href=\"https:\/\/gov.hr\/hr\/sto-je-pravo-na-zastitu-osobnih-podataka-i-zasto-je-vazno\/1866?lang=hr\">Politika privatnosti<\/a><\/h2>\t\t\t\t<\/div>\n\t\t\t\t<\/div>\n\t\t\t\t<div class=\"elementor-element elementor-element-74d2c4b elementor-widget elementor-widget-spacer\" data-id=\"74d2c4b\" data-element_type=\"widget\" data-e-type=\"widget\" data-widget_type=\"spacer.default\">\n\t\t\t\t<div class=\"elementor-widget-container\">\n\t\t\t\t\t\t\t<div class=\"elementor-spacer\">\n\t\t\t<div class=\"elementor-spacer-inner\"><\/div>\n\t\t<\/div>\n\t\t\t\t\t\t<\/div>\n\t\t\t\t<\/div>\n\t\t\t\t\t<\/div>\n\t\t<\/div>\n\t\t\t\t\t<\/div>\n\t\t<\/section>\n\t\t\t\t<section class=\"has_eae_slider elementor-section elementor-top-section elementor-element elementor-element-b9a80d9 elementor-section-boxed elementor-section-height-default elementor-section-height-default\" data-eae-slider=\"89601\" data-id=\"b9a80d9\" data-element_type=\"section\" data-e-type=\"section\">\n\t\t\t\t\t\t<div class=\"elementor-container elementor-column-gap-default\">\n\t\t\t\t\t<div class=\"has_eae_slider elementor-column elementor-col-100 elementor-top-column elementor-element elementor-element-846efb6\" data-eae-slider=\"65617\" data-id=\"846efb6\" data-element_type=\"column\" data-e-type=\"column\">\n\t\t\t<div class=\"elementor-widget-wrap elementor-element-populated\">\n\t\t\t\t\t\t<div class=\"elementor-element elementor-element-af71152 elementor-widget elementor-widget-text-editor\" data-id=\"af71152\" data-element_type=\"widget\" data-e-type=\"widget\" data-widget_type=\"text-editor.default\">\n\t\t\t\t<div class=\"elementor-widget-container\">\n\t\t\t\t\t\t\t\t\t<p>Adresa na\u0161e web-stranice je:\u00a0<a style=\"font-size: 14px;\" href=\"https:\/\/ultra-bellus.hr\/webdesign\/\">https:\/\/ultra-bellus.hr\/webdesign\/<\/a><\/p>\n<p><!-- \/wp:paragraph --><\/p>\n<p><!-- wp:heading --><\/p>\n<h2>Koje osobne podatke prikupljamo i za\u0161to &#8211; Politika privatnosti<\/h2>\n<p><!-- \/wp:heading --><\/p>\n<p><!-- wp:heading {\"level\":3} --><\/p>\n<h3>Komentari<\/h3>\n<p><!-- \/wp:heading --><\/p>\n<p><!-- wp:paragraph --><\/p>\n<p>Kada posjetitelji napi\u0161u komentar na web-stranici mi prikupljamo podatke prikazane u formi komentara, i tako\u0111er IP adresu posjetitelja kao i string korisni\u010dkog agenta preglednika kako lak\u0161e detektirali spam.<\/p>\n<p><!-- \/wp:paragraph --><\/p>\n<p><!-- wp:paragraph --><\/p>\n<p>Mogu\u0107e je da je anonimiziran string kreiran iz va\u0161e adrese e-po\u0161te (koji se tako\u0111er zove hash) dostavljen Gravatar servisu kako bi provjerili da li ga koristite. Pravila privatnosti Gravatar servisa dostupna su ovdje: https:\/\/automattic.com\/privacy\/. Nakon odobrenja va\u0161eg komentara, va\u0161a profilna slika je javno vidljiva u kontekstu va\u0161eg komentara.<\/p>\n<p><!-- \/wp:paragraph --><\/p>\n<p><!-- wp:heading {\"level\":3} --><\/p>\n<h3>Medij<\/h3>\n<p><!-- \/wp:heading --><\/p>\n<p><!-- wp:paragraph --><\/p>\n<p>Ako prenesete sliku na web-stranicu, trebali bi izbjegavati prijenos slika koje imaju ugra\u0111ene podatke o lokaciji (EXIF GPS). Posjetitelji web-stranice mogu ih preuzeti i izdvojiti bilo koje podatke o lokaciji iz slika sa web-stranice.<\/p>\n<p><!-- \/wp:paragraph --><\/p>\n<p><!-- wp:heading {\"level\":3} --><\/p>\n<h3>Kontakt forme &#8211; Politika privatnosti<\/h3>\n<p><!-- \/wp:heading --><\/p>\n<p><!-- wp:heading {\"level\":3} --><\/p>\n<h3>Kola\u010di\u0107i<\/h3>\n<p><!-- \/wp:heading --><\/p>\n<p><!-- wp:paragraph --><\/p>\n<p>Ako napi\u0161ete komentar na na\u0161oj web-stranici, mo\u017eete odabrati da spremite ime, adresu e-po\u0161te i web-stranicu u kola\u010di\u0107e. Ovo je kako bi vam olak\u0161ali ponovno komentiranje, da ne morate ponovno unositi te informacije. Ovi kola\u010di\u0107i traju godinu dana.<\/p>\n<p><!-- \/wp:paragraph --><\/p>\n<p><!-- wp:paragraph --><\/p>\n<p>Ako posjetite na\u0161u stranicu za prijavu, postaviti \u0107emo privremeni kola\u010di\u0107 kako bi utvrdili da li va\u0161 preglednik prihva\u0107a kola\u010di\u0107e. Ovaj kola\u010di\u0107 ne sadr\u017ei osobne podatke i bri\u0161e se kada ugasite preglednik.<\/p>\n<p><!-- \/wp:paragraph --><\/p>\n<p><!-- wp:paragraph --><\/p>\n<p>Kada se prijavite, tako\u0111er \u0107emo postaviti nekoliko kola\u010di\u0107a kako bi sa\u010duvali va\u0161e podatke o prijavi i va\u0161e postavke zaslona. Kola\u010di\u0107i prijave traju dva dana, i kola\u010di\u0107i postavki zaslona traju godinu dana. Ako odaberete &#8220;Zapamti me&#8221;, va\u0161a prijava \u0107e trajati dva tjedna. Ako se odjavite s ra\u010duna, kola\u010di\u0107i prijave biti \u0107e uklonjeni.<\/p>\n<p><!-- \/wp:paragraph --><\/p>\n<p><!-- wp:paragraph --><\/p>\n<p>Ako uredite ili objavite \u010dlanak, dodatni kola\u010di\u0107 biti \u0107e spremljen u va\u0161em pregledniku. Ovaj kola\u010di\u0107 ne sadr\u017ei osobne podatke i samo ukazuje na ID objave \u010dlanka koji ste upravo uredili. Kola\u010di\u0107 istekne nakon 1 dana.<\/p>\n<p><!-- \/wp:paragraph --><\/p>\n<p><!-- wp:heading {\"level\":3} --><\/p>\n<h3>Ugra\u0111eni sadr\u017eaj s drugih web-stranica<\/h3>\n<p><!-- \/wp:heading --><\/p>\n<p><!-- wp:paragraph --><\/p>\n<p>\u010clanci na ovoj web-stranici mogu sadr\u017eavati ugra\u0111eni sadr\u017eaj (npr. video, slike, \u010dlanke, itd.). Ugra\u0111eni sadr\u017eaj sa drugih web-stranica pona\u0161a se istovjetno kao da je posjetitelj posjetio tu drugu web-stranicu.<\/p>\n<p><!-- \/wp:paragraph --><\/p>\n<p><!-- wp:paragraph --><\/p>\n<p>Ove web-stranice mo\u017eda prikupljaju podatke o vama, koriste kola\u010di\u0107e, imaju ugra\u0111eno dodatno pra\u0107enje od tre\u0107ih strana, i nadgledaju va\u0161u interakciju s tim ugra\u0111enim sadr\u017eajem, uklju\u010duju\u0107i pra\u0107enje va\u0161e interakcije s ugra\u0111enim sadr\u017eajem ako imate ra\u010dun i prijavljeni ste na web-stranici.<\/p>\n<p><!-- \/wp:paragraph --><\/p>\n<p><!-- wp:heading {\"level\":3} --><\/p>\n<h3>Analitike<\/h3>\n<p><!-- \/wp:heading --><\/p>\n<p><!-- wp:heading --><\/p>\n<h2><span style=\"font-size: 2rem;\">Koliko dugo \u010duvamo va\u0161e podatke<\/span><\/h2>\n<p><!-- \/wp:heading --><\/p>\n<p><!-- wp:paragraph --><\/p>\n<p>Ako napi\u0161ete komentar, komentar i njegovi meta podaci su sa\u010duvani zauvijek. To je zato da mo\u017eemo automatski prepoznati i odobriti budu\u0107e komentare, umjesto da ih dr\u017eimo na \u010dekanju za odobrenje.<\/p>\n<p><!-- \/wp:paragraph --><\/p>\n<p><!-- wp:paragraph --><\/p>\n<p>Za korisnike koji se registriraju na na\u0161oj web-stranici (ako ih ima), mi tako\u0111er pohranjujemo osobne podatke koje navedu u njihovim korisni\u010dkim profilima, Svi korisnici mogu vidjeti, urediti, ili obrisati svoje osobne podatke u bilo koje vrijeme ( osim \u0161to ne mogu promijeniti svoje korisni\u010dko ime). Administratori web-stranice tako\u0111er mogu vidjeti i urediti te informacije.<\/p>\n<p><!-- \/wp:paragraph --><\/p>\n<p><!-- wp:heading --><\/p>\n<h2>Koja prava imate nad svojim podacima<\/h2>\n<p><!-- \/wp:heading --><\/p>\n<p><!-- wp:paragraph --><\/p>\n<p>Ako imate ra\u010dun na ovoj web-stranici, ili ste pisali komentare, mo\u017eete zatra\u017eiti primanje izvozne datoteke osobnih podataka koje imamo o vama, uklju\u010duju\u0107i sve podatke koje ste nam dostavili. Tako\u0111er mo\u017eete zatra\u017eiti brisanje svih osobnih podataka koje imamo o vama. Ovo ne uklju\u010duje bilo koje podatke koje smo obavezni dr\u017eati za administrativne, pravne ili sigurnosne namjene.<\/p>\n<p><!-- \/wp:paragraph --><\/p>\n<p><!-- wp:heading --><\/p>\n<h2>Gdje \u0161aljemo va\u0161e podatke<\/h2>\n<p><!-- \/wp:heading --><\/p>\n<p><!-- wp:paragraph --><\/p>\n<p>Komentari posjetitelja mogu se provjeriti putem automatske usluge za otkrivanje ne\u017eeljene po\u0161te.<\/p>\t\t\t\t\t\t\t\t<\/div>\n\t\t\t\t<\/div>\n\t\t\t\t\t<\/div>\n\t\t<\/div>\n\t\t\t\t\t<\/div>\n\t\t<\/section>\n\t\t\t\t<\/div>\n\t\t","protected":false},"excerpt":{"rendered":"<p>Politika privatnosti Adresa na\u0161e web-stranice je:\u00a0https:\/\/ultra-bellus.hr\/webdesign\/ Koje osobne podatke prikupljamo i za\u0161to &#8211; Politika privatnosti Komentari Kada posjetitelji napi\u0161u komentar na web-stranici mi prikupljamo podatke prikazane u formi komentara, i tako\u0111er IP adresu posjetitelja kao i string korisni\u010dkog agenta preglednika kako lak\u0161e detektirali spam. Mogu\u0107e je da je anonimiziran string kreiran iz va\u0161e adrese e-po\u0161te [&hellip;]<\/p>\n","protected":false},"author":1,"featured_media":0,"parent":0,"menu_order":0,"comment_status":"closed","ping_status":"closed","template":"elementor_header_footer","meta":{"footnotes":""},"class_list":["post-930","page","type-page","status-publish","hentry"],"blocksy_meta":{"styles_descriptor":{"styles":{"desktop":"","tablet":"","mobile":""},"google_fonts":[],"version":6}},"yoast_head":"<!-- This site is optimized with the Yoast SEO plugin v27.1.1 - https:\/\/yoast.com\/product\/yoast-seo-wordpress\/ -->\n<title>Politika Privatnosti - Ultra Bellus Agencija - 2026<\/title>\n<meta name=\"description\" content=\"Politika privatnosti - Dizajn i izrada web-stranica i logotipova - Ultra Bellus Agencija - 2026 - Povoljno | Profesionalno | A\u017eurno\" \/>\n<meta name=\"robots\" content=\"noindex, follow\" \/>\n<meta property=\"og:locale\" content=\"hr_HR\" \/>\n<meta property=\"og:type\" content=\"article\" \/>\n<meta property=\"og:title\" content=\"Politika Privatnosti - Ultra Bellus Agencija - 2026\" \/>\n<meta property=\"og:description\" content=\"Politika privatnosti - Dizajn i izrada web-stranica i logotipova - Ultra Bellus Agencija - 2026 - Povoljno | Profesionalno | A\u017eurno\" \/>\n<meta property=\"og:url\" content=\"https:\/\/ultra-bellus.hr\/webdesign\/politika-privatnosti\/\" \/>\n<meta property=\"og:site_name\" content=\"Ultra Bellus Agencija\" \/>\n<meta property=\"article:modified_time\" content=\"2024-09-13T12:54:56+00:00\" \/>\n<meta name=\"twitter:card\" content=\"summary_large_image\" \/>\n<meta name=\"twitter:label1\" content=\"Procijenjeno vrijeme \u010ditanja\" \/>\n\t<meta name=\"twitter:data1\" content=\"3 minute\" \/>\n<script type=\"application\/ld+json\" class=\"yoast-schema-graph\">{\"@context\":\"https:\/\/schema.org\",\"@graph\":[{\"@type\":\"WebPage\",\"@id\":\"https:\/\/ultra-bellus.hr\/webdesign\/politika-privatnosti\/\",\"url\":\"https:\/\/ultra-bellus.hr\/webdesign\/politika-privatnosti\/\",\"name\":\"Politika Privatnosti - Ultra Bellus Agencija - 2026\",\"isPartOf\":{\"@id\":\"https:\/\/ultra-bellus.hr\/webdesign\/#website\"},\"datePublished\":\"2019-12-23T20:12:15+00:00\",\"dateModified\":\"2024-09-13T12:54:56+00:00\",\"description\":\"Politika privatnosti - Dizajn i izrada web-stranica i logotipova - Ultra Bellus Agencija - 2026 - Povoljno | Profesionalno | A\u017eurno\",\"breadcrumb\":{\"@id\":\"https:\/\/ultra-bellus.hr\/webdesign\/politika-privatnosti\/#breadcrumb\"},\"inLanguage\":\"hr\",\"potentialAction\":[{\"@type\":\"ReadAction\",\"target\":[\"https:\/\/ultra-bellus.hr\/webdesign\/politika-privatnosti\/\"]}]},{\"@type\":\"BreadcrumbList\",\"@id\":\"https:\/\/ultra-bellus.hr\/webdesign\/politika-privatnosti\/#breadcrumb\",\"itemListElement\":[{\"@type\":\"ListItem\",\"position\":1,\"name\":\"Po\u010detna stranica\",\"item\":\"https:\/\/ultra-bellus.hr\/webdesign\/\"},{\"@type\":\"ListItem\",\"position\":2,\"name\":\"Politika Privatnosti\"}]},{\"@type\":\"WebSite\",\"@id\":\"https:\/\/ultra-bellus.hr\/webdesign\/#website\",\"url\":\"https:\/\/ultra-bellus.hr\/webdesign\/\",\"name\":\"Ultra Bellus Agencija\",\"description\":\"Dizajn i izrada web-stranica i logotipova\",\"publisher\":{\"@id\":\"https:\/\/ultra-bellus.hr\/webdesign\/#organization\"},\"potentialAction\":[{\"@type\":\"SearchAction\",\"target\":{\"@type\":\"EntryPoint\",\"urlTemplate\":\"https:\/\/ultra-bellus.hr\/webdesign\/?s={search_term_string}\"},\"query-input\":{\"@type\":\"PropertyValueSpecification\",\"valueRequired\":true,\"valueName\":\"search_term_string\"}}],\"inLanguage\":\"hr\"},{\"@type\":\"Organization\",\"@id\":\"https:\/\/ultra-bellus.hr\/webdesign\/#organization\",\"name\":\"Ultra Bellus Agencija\",\"url\":\"https:\/\/ultra-bellus.hr\/webdesign\/\",\"logo\":{\"@type\":\"ImageObject\",\"inLanguage\":\"hr\",\"@id\":\"https:\/\/ultra-bellus.hr\/webdesign\/#\/schema\/logo\/image\/\",\"url\":\"https:\/\/ultra-bellus.hr\/webdesign\/wp-content\/uploads\/2022\/01\/LOGO.webp\",\"contentUrl\":\"https:\/\/ultra-bellus.hr\/webdesign\/wp-content\/uploads\/2022\/01\/LOGO.webp\",\"width\":1920,\"height\":1920,\"caption\":\"Ultra Bellus Agencija\"},\"image\":{\"@id\":\"https:\/\/ultra-bellus.hr\/webdesign\/#\/schema\/logo\/image\/\"}}]}<\/script>\n<!-- \/ Yoast SEO plugin. -->","yoast_head_json":{"title":"Politika Privatnosti - Ultra Bellus Agencija - 2026","description":"Politika privatnosti - Dizajn i izrada web-stranica i logotipova - Ultra Bellus Agencija - 2026 - Povoljno | Profesionalno | A\u017eurno","robots":{"index":"noindex","follow":"follow"},"og_locale":"hr_HR","og_type":"article","og_title":"Politika Privatnosti - Ultra Bellus Agencija - 2026","og_description":"Politika privatnosti - Dizajn i izrada web-stranica i logotipova - Ultra Bellus Agencija - 2026 - Povoljno | Profesionalno | A\u017eurno","og_url":"https:\/\/ultra-bellus.hr\/webdesign\/politika-privatnosti\/","og_site_name":"Ultra Bellus Agencija","article_modified_time":"2024-09-13T12:54:56+00:00","twitter_card":"summary_large_image","twitter_misc":{"Procijenjeno vrijeme \u010ditanja":"3 minute"},"schema":{"@context":"https:\/\/schema.org","@graph":[{"@type":"WebPage","@id":"https:\/\/ultra-bellus.hr\/webdesign\/politika-privatnosti\/","url":"https:\/\/ultra-bellus.hr\/webdesign\/politika-privatnosti\/","name":"Politika Privatnosti - Ultra Bellus Agencija - 2026","isPartOf":{"@id":"https:\/\/ultra-bellus.hr\/webdesign\/#website"},"datePublished":"2019-12-23T20:12:15+00:00","dateModified":"2024-09-13T12:54:56+00:00","description":"Politika privatnosti - Dizajn i izrada web-stranica i logotipova - Ultra Bellus Agencija - 2026 - Povoljno | Profesionalno | A\u017eurno","breadcrumb":{"@id":"https:\/\/ultra-bellus.hr\/webdesign\/politika-privatnosti\/#breadcrumb"},"inLanguage":"hr","potentialAction":[{"@type":"ReadAction","target":["https:\/\/ultra-bellus.hr\/webdesign\/politika-privatnosti\/"]}]},{"@type":"BreadcrumbList","@id":"https:\/\/ultra-bellus.hr\/webdesign\/politika-privatnosti\/#breadcrumb","itemListElement":[{"@type":"ListItem","position":1,"name":"Po\u010detna stranica","item":"https:\/\/ultra-bellus.hr\/webdesign\/"},{"@type":"ListItem","position":2,"name":"Politika Privatnosti"}]},{"@type":"WebSite","@id":"https:\/\/ultra-bellus.hr\/webdesign\/#website","url":"https:\/\/ultra-bellus.hr\/webdesign\/","name":"Ultra Bellus Agencija","description":"Dizajn i izrada web-stranica i logotipova","publisher":{"@id":"https:\/\/ultra-bellus.hr\/webdesign\/#organization"},"potentialAction":[{"@type":"SearchAction","target":{"@type":"EntryPoint","urlTemplate":"https:\/\/ultra-bellus.hr\/webdesign\/?s={search_term_string}"},"query-input":{"@type":"PropertyValueSpecification","valueRequired":true,"valueName":"search_term_string"}}],"inLanguage":"hr"},{"@type":"Organization","@id":"https:\/\/ultra-bellus.hr\/webdesign\/#organization","name":"Ultra Bellus Agencija","url":"https:\/\/ultra-bellus.hr\/webdesign\/","logo":{"@type":"ImageObject","inLanguage":"hr","@id":"https:\/\/ultra-bellus.hr\/webdesign\/#\/schema\/logo\/image\/","url":"https:\/\/ultra-bellus.hr\/webdesign\/wp-content\/uploads\/2022\/01\/LOGO.webp","contentUrl":"https:\/\/ultra-bellus.hr\/webdesign\/wp-content\/uploads\/2022\/01\/LOGO.webp","width":1920,"height":1920,"caption":"Ultra Bellus Agencija"},"image":{"@id":"https:\/\/ultra-bellus.hr\/webdesign\/#\/schema\/logo\/image\/"}}]}},"_hostinger_reach_plugin_has_subscription_block":false,"_hostinger_reach_plugin_is_elementor":false,"_links":{"self":[{"href":"https:\/\/ultra-bellus.hr\/webdesign\/wp-json\/wp\/v2\/pages\/930","targetHints":{"allow":["GET"]}}],"collection":[{"href":"https:\/\/ultra-bellus.hr\/webdesign\/wp-json\/wp\/v2\/pages"}],"about":[{"href":"https:\/\/ultra-bellus.hr\/webdesign\/wp-json\/wp\/v2\/types\/page"}],"author":[{"embeddable":true,"href":"https:\/\/ultra-bellus.hr\/webdesign\/wp-json\/wp\/v2\/users\/1"}],"replies":[{"embeddable":true,"href":"https:\/\/ultra-bellus.hr\/webdesign\/wp-json\/wp\/v2\/comments?post=930"}],"version-history":[{"count":30,"href":"https:\/\/ultra-bellus.hr\/webdesign\/wp-json\/wp\/v2\/pages\/930\/revisions"}],"predecessor-version":[{"id":2276,"href":"https:\/\/ultra-bellus.hr\/webdesign\/wp-json\/wp\/v2\/pages\/930\/revisions\/2276"}],"wp:attachment":[{"href":"https:\/\/ultra-bellus.hr\/webdesign\/wp-json\/wp\/v2\/media?parent=930"}],"curies":[{"name":"wp","href":"https:\/\/api.w.org\/{rel}","templated":true}]}}