{"id":938,"date":"2019-12-23T21:18:34","date_gmt":"2019-12-23T20:18:34","guid":{"rendered":"https:\/\/ultra-bellus.hr\/webdesign\/?page_id=938"},"modified":"2024-09-13T14:55:17","modified_gmt":"2024-09-13T12:55:17","slug":"uvjeti-koristenja","status":"publish","type":"page","link":"https:\/\/ultra-bellus.hr\/webdesign\/uvjeti-koristenja\/","title":{"rendered":"Uvjeti Kori\u0161tenja"},"content":{"rendered":"\t\t<div data-elementor-type=\"wp-page\" data-elementor-id=\"938\" class=\"elementor elementor-938\">\n\t\t\t\t\t\t<section class=\"has_eae_slider elementor-section elementor-top-section elementor-element elementor-element-1ccb739 elementor-section-boxed elementor-section-height-default elementor-section-height-default\" data-eae-slider=\"29661\" data-id=\"1ccb739\" data-element_type=\"section\" data-e-type=\"section\">\n\t\t\t\t\t\t<div class=\"elementor-container elementor-column-gap-default\">\n\t\t\t\t\t<div class=\"has_eae_slider elementor-column elementor-col-100 elementor-top-column elementor-element elementor-element-0e10a93\" data-eae-slider=\"29716\" data-id=\"0e10a93\" data-element_type=\"column\" data-e-type=\"column\">\n\t\t\t<div class=\"elementor-widget-wrap elementor-element-populated\">\n\t\t\t\t\t\t<div class=\"elementor-element elementor-element-2d8fb48 elementor-widget elementor-widget-spacer\" data-id=\"2d8fb48\" data-element_type=\"widget\" data-e-type=\"widget\" data-widget_type=\"spacer.default\">\n\t\t\t\t<div class=\"elementor-widget-container\">\n\t\t\t\t\t\t\t<div class=\"elementor-spacer\">\n\t\t\t<div class=\"elementor-spacer-inner\"><\/div>\n\t\t<\/div>\n\t\t\t\t\t\t<\/div>\n\t\t\t\t<\/div>\n\t\t\t\t\t<\/div>\n\t\t<\/div>\n\t\t\t\t\t<\/div>\n\t\t<\/section>\n\t\t\t\t<section class=\"has_eae_slider elementor-section elementor-top-section elementor-element elementor-element-dc63dd4 elementor-section-boxed elementor-section-height-default elementor-section-height-default\" data-eae-slider=\"99274\" data-id=\"dc63dd4\" data-element_type=\"section\" data-e-type=\"section\">\n\t\t\t\t\t\t<div class=\"elementor-container elementor-column-gap-default\">\n\t\t\t\t\t<div class=\"has_eae_slider elementor-column elementor-col-100 elementor-top-column elementor-element elementor-element-f25b308\" data-eae-slider=\"13933\" data-id=\"f25b308\" data-element_type=\"column\" data-e-type=\"column\">\n\t\t\t<div class=\"elementor-widget-wrap elementor-element-populated\">\n\t\t\t\t\t\t<div class=\"elementor-element elementor-element-74d2c4b elementor-widget elementor-widget-spacer\" data-id=\"74d2c4b\" data-element_type=\"widget\" data-e-type=\"widget\" data-widget_type=\"spacer.default\">\n\t\t\t\t<div class=\"elementor-widget-container\">\n\t\t\t\t\t\t\t<div class=\"elementor-spacer\">\n\t\t\t<div class=\"elementor-spacer-inner\"><\/div>\n\t\t<\/div>\n\t\t\t\t\t\t<\/div>\n\t\t\t\t<\/div>\n\t\t\t\t\t<\/div>\n\t\t<\/div>\n\t\t\t\t\t<\/div>\n\t\t<\/section>\n\t\t\t\t<section class=\"has_eae_slider elementor-section elementor-top-section elementor-element elementor-element-e630383 elementor-section-boxed elementor-section-height-default elementor-section-height-default\" data-eae-slider=\"26593\" data-id=\"e630383\" data-element_type=\"section\" data-e-type=\"section\">\n\t\t\t\t\t\t<div class=\"elementor-container elementor-column-gap-default\">\n\t\t\t\t\t<div class=\"has_eae_slider elementor-column elementor-col-100 elementor-top-column elementor-element elementor-element-1352f7c\" data-eae-slider=\"20597\" data-id=\"1352f7c\" data-element_type=\"column\" data-e-type=\"column\">\n\t\t\t<div class=\"elementor-widget-wrap\">\n\t\t\t\t\t\t\t<\/div>\n\t\t<\/div>\n\t\t\t\t\t<\/div>\n\t\t<\/section>\n\t\t\t\t<section class=\"has_eae_slider elementor-section elementor-top-section elementor-element elementor-element-b9a80d9 elementor-section-boxed elementor-section-height-default elementor-section-height-default\" data-eae-slider=\"78363\" data-id=\"b9a80d9\" data-element_type=\"section\" data-e-type=\"section\">\n\t\t\t\t\t\t<div class=\"elementor-container elementor-column-gap-default\">\n\t\t\t\t\t<div class=\"has_eae_slider elementor-column elementor-col-100 elementor-top-column elementor-element elementor-element-846efb6\" data-eae-slider=\"1935\" data-id=\"846efb6\" data-element_type=\"column\" data-e-type=\"column\">\n\t\t\t<div class=\"elementor-widget-wrap elementor-element-populated\">\n\t\t\t\t\t\t<div class=\"elementor-element elementor-element-af71152 elementor-widget elementor-widget-text-editor\" data-id=\"af71152\" data-element_type=\"widget\" data-e-type=\"widget\" data-widget_type=\"text-editor.default\">\n\t\t\t\t<div class=\"elementor-widget-container\">\n\t\t\t\t\t\t\t\t\t<h4>1. Prihva\u0107anje uvjeta kori\u0161tenja.<\/h4>\n<p><!-- \/wp:heading --><!-- wp:paragraph --><\/p>\n<p>Pristup stranicama i njihovo kori\u0161tenje podlije\u017ee sljede\u0107im uvjetima kori\u0161tenja (\u201eUvjeti kori\u0161tenja\u201c). Pristupanjem stranicama ili njihovim kori\u0161tenjem pristajete na obveze navedene u tim Uvjetima kori\u0161tenja i na uskla\u0111enost sa svim va\u017ee\u0107im zakonima. Ako se ne sla\u017eete s navedenim Uvjetima kori\u0161tenja, ne smijete se koristiti stranicom. Ultra Bellus d.o.o (nadalje Tvrtka) mo\u017ee promijeniti Uvjete kori\u0161tenja u bilo kojem trenutku prema vlastitom naho\u0111enju i a\u017eurirati ove informacije. Takve su izmjene za vas obvezuju\u0107e, stoga biste povremeno trebali posjetiti ovu stranicu kako biste pregledali va\u017ee\u0107e Uvjete kori\u0161tenja.<\/p>\n<p><!-- \/wp:paragraph --><!-- wp:heading {\"level\":4} --><\/p>\n<h4>2. Vlasni\u0161tvo nad sadr\u017eajem i intelektualno vlasni\u0161tvo; Kori\u0161tenje sadr\u017eaja u skladu s Uvjetima &#8211; uvjeti kori\u0161tenja.<\/h4>\n<p><!-- \/wp:heading --><!-- wp:paragraph --><\/p>\n<p>Sadr\u017eaj i svi drugi materijali sa stranica, uklju\u010duju\u0107i, ali ne ograni\u010davaju\u0107i se na autorska prava i druga prava intelektualnog vlasni\u0161tva u umjetni\u010dkim djelima, slikama, fotografijama, tekstovima, video i audio zapisima, za\u0161ti\u0107enim \u017eigovima i logotipima koji se nalaze na stranicama (skupni naziv: \u201eSadr\u017eaj\u201c) vlasni\u0161tvo su tvrtke.\u00a0Stranicama mo\u017eete pristupati i koristiti njihov sadr\u017eaj isklju\u010divo u osobne informativne ili edukacijske svrhe.<\/p>\n<p>Nije dopu\u0161teno kopirati, reproducirati, prera\u0111ivati, prenositi, prilago\u0111avati, objavljivati, uokviriti, postavljati, u\u010ditavati, distribuirati, mijenjati ili emitirati bilo koji dio sadr\u017eaja. Nije dopu\u0161teno stvarati izvedena djela takvog sadr\u017eaja na bilo koji na\u010din, uklju\u010duju\u0107i i za bilo koje javne ili komercijalne svrhe. Prethodnog je potreban pisani pristanak tvrtke, odnosno vlasnika navedenih materijala.<\/p>\n<p><!-- \/wp:paragraph --><!-- wp:paragraph --><\/p>\n<p>Svi za\u0161ti\u0107eni \u017eigovi, trgova\u010dki nazivi i logotipi, kao i svi povezani nazivi proizvoda, dizajnerske oznake i slogani koji se pojavljuju na stranicama za\u0161titni su \u017eigovi ili marke (registrirani ili neregistrirani) tvrtke.\u00a0Tvrtka zadr\u017eava sva prava intelektualnog vlasni\u0161tva u svim sadr\u017eajima na stranicama.<\/p>\n<p><!-- \/wp:paragraph --><!-- wp:heading {\"level\":4} --><\/p>\n<h4>3. Vlasni\u0161tvo nad materijalom koji \u0161aljete, objavljujete, predajete ili prenosite; pravo na kori\u0161tenje; predani sadr\u017eaji &#8211; uvjeti kori\u0161tenja.<\/h4>\n<p><!-- \/wp:heading --><!-- wp:paragraph --><\/p>\n<p>Na stranicu mo\u017eemo uvrstiti funkcionalnosti koje vam omogu\u0107uju u\u010ditavanje, dijeljenje, slanje, objavljivanje, predaju ili preno\u0161enje komentara, fotografija, videozapisa, glazbe ili bilo kojeg drugog materijala ili sadr\u017eaja \u010dije vam u\u010ditavanje mo\u017eemo omogu\u0107iti (sadr\u017eaj koji stvaraju korisnici). Imajte na umu da bilo koji sadr\u017eaj koji stvaraju korisnici koji ste poslali, objavili, predali ili prenijeli mo\u017ee postati javno dostupan (zajedno s va\u0161im imenom, korisni\u010dkim imenom, gradom, dr\u017eavom i\/ili va\u0161om fotografijom, ako je postavljena). Takav \u0107e se sadr\u017eaj smatrati i tretirati kao sadr\u017eaj koji nije povjerljive prirode i koji nije vlasni\u0161tvo tvrtke.<\/p>\n<p>Takav \u0107e sadr\u017eaj koji stvaraju korisnici, nakon \u0161to se prenese na stranicu tvrtke, postati vlasni\u0161tvo tvrtke te \u0107e od tog trenutka nadalje posjedovati sva prava, vlasni\u0161tva i interes vezan uz navedeni sadr\u017eaj (u skladu s bilo kojim pravima tre\u0107ih strana). Tvrtka \u0107e imati pravo pravo koristiti takav sadr\u017eaj koji stvaraju korisnici bez ograni\u010denja, BEZ NAKNADE, DRUGIH OBVEZA ILI BILO KAKVIH DRUGIH ODGOVORNOSTI PREMA VAMA.<\/p>\n<p><!-- \/wp:paragraph --><!-- wp:paragraph --><\/p>\n<p>U takav sadr\u017eaj pripada kori\u0161tenje i prikazivanje sadr\u017eaja koji stvaraju korisnici stranica dru\u0161tvenih mre\u017ea, uklju\u010duju\u0107i, ali ne ograni\u010davaju\u0107i se na Facebook, Twitter, Pinterest ili Google+<\/p>\n<p><!-- \/wp:paragraph --><!-- wp:paragraph --><\/p>\n<p>Tvrtka \u0107e vas obavijestiti prije nego \u0161to va\u0161i osobni podaci po prvi put budu razotkriveni tre\u0107im stranama ili upotrijebljeni u ime tre\u0107e strane u marketin\u0161ke svrhe. Biti \u0107e vam ponu\u0111eno pravo na besplatni prigovor radi takvog razotkrivanja ili uporabe.<\/p>\n<p><!-- \/wp:paragraph --><!-- wp:paragraph --><\/p>\n<p><span style=\"background-color: #ffffff; font-size: 14px;\">Uvjeti kori\u0161tenja &#8211; Tvrtka <\/span>\u0107e vas obavijestiti prije nego \u0161to va\u0161i osobni podaci po prvi put budu razotkriveni tre\u0107im stranama ili upotrijebljeni u ime tre\u0107e strane u marketin\u0161ke svrhe te \u0107e vam biti ponu\u0111eno pravo na besplatni prigovor radi takvog razotkrivanja ili uporabe.<\/p>\n<p><!-- \/wp:paragraph --><!-- wp:paragraph --><\/p>\n<p>Slobodnom predajom osobnih podataka vi dajete svoj izri\u010dit pristanak tvrtci\u00a0da vas kontaktira putem elektroni\u010dke po\u0161te (ili ako ste ozna\u010dili neki drugi na\u010din kontakta) u vezi bilo kojeg zahtjeva koji bismo mogli imati u vezi s va\u0161im sadr\u017eajem.<\/p>\n<p><!-- \/wp:paragraph --><!-- wp:heading {\"level\":4} --><\/p>\n<h4>4. Poveznice s drugim stranicama.<\/h4>\n<p><!-- \/wp:heading --><!-- wp:paragraph --><\/p>\n<p>Stranica mo\u017ee sadr\u017eavati poveznice s drugim mre\u017enim stranicama koje nisu u na\u0161em vlasni\u0161tvu, kojima ne upravljamo niti ih odr\u017eavamo. Navedeno biste trebali imati na umu kada napustite stranicu te pro\u010ditati uvjete kori\u0161tenja i pravila privatnosti na svakoj mre\u017enoj stranici koju posjetite &#8211; uvjeti kori\u0161tenja.<\/p>\n<p><!-- \/wp:paragraph --><!-- wp:heading {\"level\":4} --><\/p>\n<h4>5. Za\u0161tita privatnosti.<\/h4>\n<p><!-- \/wp:heading --><!-- wp:paragraph --><\/p>\n<p>Za\u0161tita privatnosti va\u0161ih osobnih podataka vrlo nam je va\u017ena. Za vi\u0161e informacija o tome koje informacije prikupljamo i na koji na\u010din ih prikupljamo, koristimo i razotkrivamo te upravljamo takvim informacijama, pro\u010ditajte na\u0161a Pravila privatnosti koja se odnose i na kori\u0161tenje na\u0161ih stranica.<\/p>\n<p><!-- \/wp:paragraph --><!-- wp:heading {\"level\":4} --><\/p>\n<h4>6. Odricanje od jamstva \/odgovornosti.<\/h4>\n<p><!-- \/wp:heading --><!-- wp:paragraph --><\/p>\n<p>STRANICU KORISTITE NA VLASTITU ODGOVORNOST. STRANICE I CJELOKUPAN SOFTVER, USLUGE, SADR\u017dAJ I SADR\u017dAJ KOJI STVARAJU KORISNICI DOSTUPNI NA STRANICAMA OMOGU\u0106ENI SU \u201eKAKVI JESU\u201c, BEZ IKAKVOG JAMSTVA BILO KOJE VRSTE, IZRI\u010cITOG ILI IMPLICIRANOG, UKLJU\u010cUJU\u0106I, ALI NE OGRANI\u010cAVAJU\u0106I SE NA IMPLICIRANA JAMSTVA MOGU\u0106NOSTI PRODAJE, NEPOVREDIVOSTI, VLASNI\u0160TVA ILI PRIKLADNOSTI ZA ODRE\u0110ENU NAMJENU. NE JAM\u010cIMO DA \u0106E ODRE\u0110ENA STRANICA, BILO KOJI SADR\u017dAJ ILI SADR\u017dAJ KOJEM SE PRISTUPA PUTEM STRANICE BITI POTPUNO SIGURNI, BEZ PREKIDA ILI GRE\u0160AKA ILI DA SE NA STRANICI ILI NA POSLU\u017dITELJU KOJI STRANICU \u010cINI DOSTUPNOM NE NALAZE VIRUSI ILI DRUGE \u0160TETNE KOMPONENTE. NE SNOSIMO ODGOVORNOST ZA KORI\u0160TENJE STRANICE, ILI PROPUSTE KOJE SADR\u017dI. NI U KOJEM SLU\u010cAJU NE\u0106EMO SNOSITI ODGOVORNOST PREMA BILO KOJEM PREKR\u0160AJU, UGOVORU, OBJEKTIVNOJ ODGOVORNOSTI ILI DRUGOJ PRAVNOJ ILI PRAVI\u010cNOJ TEORIJI ZA BILO KAKVE I SVE IZRAVNE, NEIZRAVNE, POSEBNE, SLU\u010cAJNE, POSLJEDI\u010cNE, PRIMJERENE, KAZNENE ILI DRUGE \u0160TETE BILO KOJE VRSTE. JEDINI PRAVNI LIJEK ZA NEZADOVOLJSTVO OVOM STRANICOM JEST PRESTANAK NJEZINA KORI\u0160TENJA.<\/p>\n<p><!-- \/wp:paragraph --><!-- wp:heading {\"level\":4} --><\/p>\n<h4>7. Mjerodavno pravo\/sudska nadle\u017enost.<\/h4>\n<p><!-- \/wp:heading --><!-- wp:paragraph --><\/p>\n<p>Na sve sporove koji odnose i nastanu u vezi kori\u0161tenja ove stranice i\/ili ove Uvjeta kori\u0161tenja primjenjuje se hrvatsko pravo. Sukladno prihva\u0107anju ovih Uvjeta kori\u0161tenja pristupanjem stranicama ili njihovim kori\u0161tenjem vi prihva\u0107ate isklju\u010divu nadle\u017enost hrvatskih sudova. Iako su na\u0161e stranice dostupne diljem svijeta, sadr\u017eaj o kojem se raspravlja ili na koji se upu\u0107uje na na\u0161im stranicama mo\u017eda ne\u0107e biti dostupan svim osobama ili na svim geografskim podru\u010djima.<\/p>\n<p><!-- \/wp:paragraph --><!-- wp:paragraph --><\/p>\n<p>Zadr\u017eavamo pravo na ograni\u010davanje dostupnosti na\u0161ih stranica i\/ili pru\u017eanja bilo koje usluge bilo kojoj osobi, na bilo kojem geografskom podru\u010dju ili unutar bilo koje sudske nadle\u017enosti prema vlastitom naho\u0111enju i u bilo kojem trenutku. Sukladno navedenom za va\u0161a djelovanja vi snosite isklju\u010divu odgovornost za uskla\u0111enost sa svim va\u017ee\u0107im lokalnim zakonima.<\/p>\n<p><!-- \/wp:paragraph --><!-- wp:heading {\"level\":4} --><\/p>\n<h4>8. Podaci za kontakt.<\/h4>\n<p><!-- \/wp:heading --><!-- wp:paragraph --><\/p>\n<p>Ako imate bilo kakvih pitanja ili komentara u vezi sa stranicama ili ovim Uvjetima kori\u0161tenja, ili ako \u017eelite prijaviti bilo koji sadr\u017eaj za koji smatrate da nije u skladu s ovim Uvjetima kori\u0161tenja, mo\u017eete nas kontaktirati sljede\u0107im putem:<\/p>\n<p><!-- \/wp:paragraph --><!-- wp:paragraph --><\/p>\n<p>ULTRA BELLUS d.o.o.<\/p>\n<p><!-- \/wp:paragraph --><!-- wp:paragraph --><\/p>\n<p>Prilaz Gjure De\u017eeli\u0107a 58, Zagreb, Hrvatska<\/p>\n<p><!-- \/wp:paragraph --><!-- wp:paragraph --><\/p>\n<p>Telefon: +385 (99) 194-0904<\/p>\n<p><!-- \/wp:paragraph --><!-- wp:paragraph --><\/p>\n<p>E-mail: borna@ultra-bellus.com<\/p>\n<!-- wp:heading {\"level\":4} -->\n<h4>8. Attributions<\/h4>\n<p><!-- \/wp:heading --> <a href=\"https:\/\/www.freepik.com\/vectors\/certificate\">Certificate vector created by upklyak &#8211; www.freepik.com<\/a><\/p>\t\t\t\t\t\t\t\t<\/div>\n\t\t\t\t<\/div>\n\t\t\t\t\t<\/div>\n\t\t<\/div>\n\t\t\t\t\t<\/div>\n\t\t<\/section>\n\t\t\t\t<section class=\"has_eae_slider elementor-section elementor-top-section elementor-element elementor-element-5e24987 elementor-section-boxed elementor-section-height-default elementor-section-height-default\" data-eae-slider=\"8286\" data-id=\"5e24987\" data-element_type=\"section\" data-e-type=\"section\">\n\t\t\t\t\t\t<div class=\"elementor-container elementor-column-gap-default\">\n\t\t\t\t\t<div class=\"has_eae_slider elementor-column elementor-col-100 elementor-top-column elementor-element elementor-element-0c2dac0\" data-eae-slider=\"60514\" data-id=\"0c2dac0\" data-element_type=\"column\" data-e-type=\"column\">\n\t\t\t<div class=\"elementor-widget-wrap elementor-element-populated\">\n\t\t\t\t\t\t<div class=\"elementor-element elementor-element-177bd68 elementor-widget elementor-widget-spacer\" data-id=\"177bd68\" data-element_type=\"widget\" data-e-type=\"widget\" data-widget_type=\"spacer.default\">\n\t\t\t\t<div class=\"elementor-widget-container\">\n\t\t\t\t\t\t\t<div class=\"elementor-spacer\">\n\t\t\t<div class=\"elementor-spacer-inner\"><\/div>\n\t\t<\/div>\n\t\t\t\t\t\t<\/div>\n\t\t\t\t<\/div>\n\t\t\t\t\t<\/div>\n\t\t<\/div>\n\t\t\t\t\t<\/div>\n\t\t<\/section>\n\t\t\t\t<\/div>\n\t\t","protected":false},"excerpt":{"rendered":"<p>1. Prihva\u0107anje uvjeta kori\u0161tenja. Pristup stranicama i njihovo kori\u0161tenje podlije\u017ee sljede\u0107im uvjetima kori\u0161tenja (\u201eUvjeti kori\u0161tenja\u201c). Pristupanjem stranicama ili njihovim kori\u0161tenjem pristajete na obveze navedene u tim Uvjetima kori\u0161tenja i na uskla\u0111enost sa svim va\u017ee\u0107im zakonima. Ako se ne sla\u017eete s navedenim Uvjetima kori\u0161tenja, ne smijete se koristiti stranicom. Ultra Bellus d.o.o (nadalje Tvrtka) mo\u017ee promijeniti [&hellip;]<\/p>\n","protected":false},"author":1,"featured_media":1579,"parent":0,"menu_order":0,"comment_status":"closed","ping_status":"closed","template":"elementor_header_footer","meta":{"footnotes":""},"class_list":["post-938","page","type-page","status-publish","has-post-thumbnail","hentry"],"blocksy_meta":{"styles_descriptor":{"styles":{"desktop":"","tablet":"","mobile":""},"google_fonts":[],"version":6}},"yoast_head":"<!-- This site is optimized with the Yoast SEO plugin v27.1.1 - https:\/\/yoast.com\/product\/yoast-seo-wordpress\/ -->\n<title>Uvjeti Kori\u0161tenja - Ultra Bellus Agencija - 2026<\/title>\n<meta name=\"description\" content=\"Pro\u010ditajte uvjete kori\u0161tenja na\u0161e web stranice kako biste saznali vi\u0161e o pravilima privatnosti i sigurnosti podataka.\" \/>\n<meta name=\"robots\" content=\"noindex, follow\" \/>\n<meta property=\"og:locale\" content=\"hr_HR\" \/>\n<meta property=\"og:type\" content=\"article\" \/>\n<meta property=\"og:title\" content=\"Uvjeti Kori\u0161tenja - Ultra Bellus Agencija - 2026\" \/>\n<meta property=\"og:description\" content=\"Pro\u010ditajte uvjete kori\u0161tenja na\u0161e web stranice kako biste saznali vi\u0161e o pravilima privatnosti i sigurnosti podataka.\" \/>\n<meta property=\"og:url\" content=\"https:\/\/ultra-bellus.hr\/webdesign\/uvjeti-koristenja\/\" \/>\n<meta property=\"og:site_name\" content=\"Ultra Bellus Agencija\" \/>\n<meta property=\"article:modified_time\" content=\"2024-09-13T12:55:17+00:00\" \/>\n<meta property=\"og:image\" content=\"https:\/\/ultra-bellus.hr\/webdesign\/wp-content\/uploads\/2021\/09\/accounting-1928237_1920-removebg-preview.png\" \/>\n\t<meta property=\"og:image:width\" content=\"577\" \/>\n\t<meta property=\"og:image:height\" content=\"432\" \/>\n\t<meta property=\"og:image:type\" content=\"image\/png\" \/>\n<meta name=\"twitter:card\" content=\"summary_large_image\" \/>\n<meta name=\"twitter:label1\" content=\"Procijenjeno vrijeme \u010ditanja\" \/>\n\t<meta name=\"twitter:data1\" content=\"5 minuta\" \/>\n<script type=\"application\/ld+json\" class=\"yoast-schema-graph\">{\"@context\":\"https:\/\/schema.org\",\"@graph\":[{\"@type\":\"WebPage\",\"@id\":\"https:\/\/ultra-bellus.hr\/webdesign\/uvjeti-koristenja\/\",\"url\":\"https:\/\/ultra-bellus.hr\/webdesign\/uvjeti-koristenja\/\",\"name\":\"Uvjeti Kori\u0161tenja - Ultra Bellus Agencija - 2026\",\"isPartOf\":{\"@id\":\"https:\/\/ultra-bellus.hr\/webdesign\/#website\"},\"primaryImageOfPage\":{\"@id\":\"https:\/\/ultra-bellus.hr\/webdesign\/uvjeti-koristenja\/#primaryimage\"},\"image\":{\"@id\":\"https:\/\/ultra-bellus.hr\/webdesign\/uvjeti-koristenja\/#primaryimage\"},\"thumbnailUrl\":\"https:\/\/ultra-bellus.hr\/webdesign\/wp-content\/uploads\/2021\/09\/accounting-1928237_1920-removebg-preview.png\",\"datePublished\":\"2019-12-23T20:18:34+00:00\",\"dateModified\":\"2024-09-13T12:55:17+00:00\",\"description\":\"Pro\u010ditajte uvjete kori\u0161tenja na\u0161e web stranice kako biste saznali vi\u0161e o pravilima privatnosti i sigurnosti podataka.\",\"breadcrumb\":{\"@id\":\"https:\/\/ultra-bellus.hr\/webdesign\/uvjeti-koristenja\/#breadcrumb\"},\"inLanguage\":\"hr\",\"potentialAction\":[{\"@type\":\"ReadAction\",\"target\":[\"https:\/\/ultra-bellus.hr\/webdesign\/uvjeti-koristenja\/\"]}]},{\"@type\":\"ImageObject\",\"inLanguage\":\"hr\",\"@id\":\"https:\/\/ultra-bellus.hr\/webdesign\/uvjeti-koristenja\/#primaryimage\",\"url\":\"https:\/\/ultra-bellus.hr\/webdesign\/wp-content\/uploads\/2021\/09\/accounting-1928237_1920-removebg-preview.png\",\"contentUrl\":\"https:\/\/ultra-bellus.hr\/webdesign\/wp-content\/uploads\/2021\/09\/accounting-1928237_1920-removebg-preview.png\",\"width\":577,\"height\":432,\"caption\":\"povoljna izrada web stranica\"},{\"@type\":\"BreadcrumbList\",\"@id\":\"https:\/\/ultra-bellus.hr\/webdesign\/uvjeti-koristenja\/#breadcrumb\",\"itemListElement\":[{\"@type\":\"ListItem\",\"position\":1,\"name\":\"Po\u010detna stranica\",\"item\":\"https:\/\/ultra-bellus.hr\/webdesign\/\"},{\"@type\":\"ListItem\",\"position\":2,\"name\":\"Uvjeti Kori\u0161tenja\"}]},{\"@type\":\"WebSite\",\"@id\":\"https:\/\/ultra-bellus.hr\/webdesign\/#website\",\"url\":\"https:\/\/ultra-bellus.hr\/webdesign\/\",\"name\":\"Ultra Bellus Agencija\",\"description\":\"Dizajn i izrada web-stranica i logotipova\",\"publisher\":{\"@id\":\"https:\/\/ultra-bellus.hr\/webdesign\/#organization\"},\"potentialAction\":[{\"@type\":\"SearchAction\",\"target\":{\"@type\":\"EntryPoint\",\"urlTemplate\":\"https:\/\/ultra-bellus.hr\/webdesign\/?s={search_term_string}\"},\"query-input\":{\"@type\":\"PropertyValueSpecification\",\"valueRequired\":true,\"valueName\":\"search_term_string\"}}],\"inLanguage\":\"hr\"},{\"@type\":\"Organization\",\"@id\":\"https:\/\/ultra-bellus.hr\/webdesign\/#organization\",\"name\":\"Ultra Bellus Agencija\",\"url\":\"https:\/\/ultra-bellus.hr\/webdesign\/\",\"logo\":{\"@type\":\"ImageObject\",\"inLanguage\":\"hr\",\"@id\":\"https:\/\/ultra-bellus.hr\/webdesign\/#\/schema\/logo\/image\/\",\"url\":\"https:\/\/ultra-bellus.hr\/webdesign\/wp-content\/uploads\/2022\/01\/LOGO.webp\",\"contentUrl\":\"https:\/\/ultra-bellus.hr\/webdesign\/wp-content\/uploads\/2022\/01\/LOGO.webp\",\"width\":1920,\"height\":1920,\"caption\":\"Ultra Bellus Agencija\"},\"image\":{\"@id\":\"https:\/\/ultra-bellus.hr\/webdesign\/#\/schema\/logo\/image\/\"}}]}<\/script>\n<!-- \/ Yoast SEO plugin. -->","yoast_head_json":{"title":"Uvjeti Kori\u0161tenja - Ultra Bellus Agencija - 2026","description":"Pro\u010ditajte uvjete kori\u0161tenja na\u0161e web stranice kako biste saznali vi\u0161e o pravilima privatnosti i sigurnosti podataka.","robots":{"index":"noindex","follow":"follow"},"og_locale":"hr_HR","og_type":"article","og_title":"Uvjeti Kori\u0161tenja - Ultra Bellus Agencija - 2026","og_description":"Pro\u010ditajte uvjete kori\u0161tenja na\u0161e web stranice kako biste saznali vi\u0161e o pravilima privatnosti i sigurnosti podataka.","og_url":"https:\/\/ultra-bellus.hr\/webdesign\/uvjeti-koristenja\/","og_site_name":"Ultra Bellus Agencija","article_modified_time":"2024-09-13T12:55:17+00:00","og_image":[{"width":577,"height":432,"url":"https:\/\/ultra-bellus.hr\/webdesign\/wp-content\/uploads\/2021\/09\/accounting-1928237_1920-removebg-preview.png","type":"image\/png"}],"twitter_card":"summary_large_image","twitter_misc":{"Procijenjeno vrijeme \u010ditanja":"5 minuta"},"schema":{"@context":"https:\/\/schema.org","@graph":[{"@type":"WebPage","@id":"https:\/\/ultra-bellus.hr\/webdesign\/uvjeti-koristenja\/","url":"https:\/\/ultra-bellus.hr\/webdesign\/uvjeti-koristenja\/","name":"Uvjeti Kori\u0161tenja - Ultra Bellus Agencija - 2026","isPartOf":{"@id":"https:\/\/ultra-bellus.hr\/webdesign\/#website"},"primaryImageOfPage":{"@id":"https:\/\/ultra-bellus.hr\/webdesign\/uvjeti-koristenja\/#primaryimage"},"image":{"@id":"https:\/\/ultra-bellus.hr\/webdesign\/uvjeti-koristenja\/#primaryimage"},"thumbnailUrl":"https:\/\/ultra-bellus.hr\/webdesign\/wp-content\/uploads\/2021\/09\/accounting-1928237_1920-removebg-preview.png","datePublished":"2019-12-23T20:18:34+00:00","dateModified":"2024-09-13T12:55:17+00:00","description":"Pro\u010ditajte uvjete kori\u0161tenja na\u0161e web stranice kako biste saznali vi\u0161e o pravilima privatnosti i sigurnosti podataka.","breadcrumb":{"@id":"https:\/\/ultra-bellus.hr\/webdesign\/uvjeti-koristenja\/#breadcrumb"},"inLanguage":"hr","potentialAction":[{"@type":"ReadAction","target":["https:\/\/ultra-bellus.hr\/webdesign\/uvjeti-koristenja\/"]}]},{"@type":"ImageObject","inLanguage":"hr","@id":"https:\/\/ultra-bellus.hr\/webdesign\/uvjeti-koristenja\/#primaryimage","url":"https:\/\/ultra-bellus.hr\/webdesign\/wp-content\/uploads\/2021\/09\/accounting-1928237_1920-removebg-preview.png","contentUrl":"https:\/\/ultra-bellus.hr\/webdesign\/wp-content\/uploads\/2021\/09\/accounting-1928237_1920-removebg-preview.png","width":577,"height":432,"caption":"povoljna izrada web stranica"},{"@type":"BreadcrumbList","@id":"https:\/\/ultra-bellus.hr\/webdesign\/uvjeti-koristenja\/#breadcrumb","itemListElement":[{"@type":"ListItem","position":1,"name":"Po\u010detna stranica","item":"https:\/\/ultra-bellus.hr\/webdesign\/"},{"@type":"ListItem","position":2,"name":"Uvjeti Kori\u0161tenja"}]},{"@type":"WebSite","@id":"https:\/\/ultra-bellus.hr\/webdesign\/#website","url":"https:\/\/ultra-bellus.hr\/webdesign\/","name":"Ultra Bellus Agencija","description":"Dizajn i izrada web-stranica i logotipova","publisher":{"@id":"https:\/\/ultra-bellus.hr\/webdesign\/#organization"},"potentialAction":[{"@type":"SearchAction","target":{"@type":"EntryPoint","urlTemplate":"https:\/\/ultra-bellus.hr\/webdesign\/?s={search_term_string}"},"query-input":{"@type":"PropertyValueSpecification","valueRequired":true,"valueName":"search_term_string"}}],"inLanguage":"hr"},{"@type":"Organization","@id":"https:\/\/ultra-bellus.hr\/webdesign\/#organization","name":"Ultra Bellus Agencija","url":"https:\/\/ultra-bellus.hr\/webdesign\/","logo":{"@type":"ImageObject","inLanguage":"hr","@id":"https:\/\/ultra-bellus.hr\/webdesign\/#\/schema\/logo\/image\/","url":"https:\/\/ultra-bellus.hr\/webdesign\/wp-content\/uploads\/2022\/01\/LOGO.webp","contentUrl":"https:\/\/ultra-bellus.hr\/webdesign\/wp-content\/uploads\/2022\/01\/LOGO.webp","width":1920,"height":1920,"caption":"Ultra Bellus Agencija"},"image":{"@id":"https:\/\/ultra-bellus.hr\/webdesign\/#\/schema\/logo\/image\/"}}]}},"_hostinger_reach_plugin_has_subscription_block":false,"_hostinger_reach_plugin_is_elementor":false,"_links":{"self":[{"href":"https:\/\/ultra-bellus.hr\/webdesign\/wp-json\/wp\/v2\/pages\/938","targetHints":{"allow":["GET"]}}],"collection":[{"href":"https:\/\/ultra-bellus.hr\/webdesign\/wp-json\/wp\/v2\/pages"}],"about":[{"href":"https:\/\/ultra-bellus.hr\/webdesign\/wp-json\/wp\/v2\/types\/page"}],"author":[{"embeddable":true,"href":"https:\/\/ultra-bellus.hr\/webdesign\/wp-json\/wp\/v2\/users\/1"}],"replies":[{"embeddable":true,"href":"https:\/\/ultra-bellus.hr\/webdesign\/wp-json\/wp\/v2\/comments?post=938"}],"version-history":[{"count":32,"href":"https:\/\/ultra-bellus.hr\/webdesign\/wp-json\/wp\/v2\/pages\/938\/revisions"}],"predecessor-version":[{"id":2282,"href":"https:\/\/ultra-bellus.hr\/webdesign\/wp-json\/wp\/v2\/pages\/938\/revisions\/2282"}],"wp:featuredmedia":[{"embeddable":true,"href":"https:\/\/ultra-bellus.hr\/webdesign\/wp-json\/wp\/v2\/media\/1579"}],"wp:attachment":[{"href":"https:\/\/ultra-bellus.hr\/webdesign\/wp-json\/wp\/v2\/media?parent=938"}],"curies":[{"name":"wp","href":"https:\/\/api.w.org\/{rel}","templated":true}]}}